{"id":3581,"date":"2020-09-25T20:22:39","date_gmt":"2020-09-25T17:22:39","guid":{"rendered":"http:\/\/localhost\/emproduce\/?page_id=3581"},"modified":"2025-06-23T15:49:18","modified_gmt":"2025-06-23T12:49:18","slug":"corporation","status":"publish","type":"page","link":"https:\/\/erdagmetal.com\/en\/corporation\/","title":{"rendered":"Corporation"},"content":{"rendered":"<div id='av_section_1'  class='avia-section main_color avia-section-default avia-no-border-styling  avia-full-stretch av-section-color-overlay-active avia-bg-style-scroll  avia-builder-el-0  el_before_av_section  avia-builder-el-first   container_wrap sidebar_right' style='background-repeat: no-repeat; background-image: url(https:\/\/erdagmetal.com\/en\/wp-content\/uploads\/sites\/2\/2021\/08\/Since1998-300x126.png);background-attachment: scroll; background-position: top center;  '  data-section-bg-repeat='stretch'><div class='av-section-color-overlay-wrap'><div class='av-section-color-overlay' style='opacity: 0.6; background-color: #000000; '><\/div><div class='container' ><main  role=\"main\" itemprop=\"mainContentOfPage\"  class='template-page content  av-content-small alpha units'><div class='post-entry post-entry-type-page post-entry-3581'><div class='entry-content-wrapper clearfix'>\n<div class=\"flex_column av_one_half  flex_column_div first  avia-builder-el-1  avia-builder-el-no-sibling  \" ><p><div  style='padding-bottom:10px; color:#ffffff;' class='av-special-heading av-special-heading-h2 custom-color-heading   avia-builder-el-2  el_before_av_heading  avia-builder-el-first  '><h2 class='av-special-heading-tag '  itemprop=\"headline\"  >WELCOME TO ERDA\u011e METAL INDUSTRY<\/h2><div class='special-heading-border'><div class='special-heading-inner-border' style='border-color:#ffffff'><\/div><\/div><\/div><br \/>\n<div  style='padding-bottom:10px; color:#ffffff;' class='av-special-heading av-special-heading-h3 custom-color-heading   avia-builder-el-3  el_after_av_heading  el_before_av_textblock  '><h3 class='av-special-heading-tag '  itemprop=\"headline\"  >37 YEARS OF EXPERIENCE<\/h3><div class='special-heading-border'><div class='special-heading-inner-border' style='border-color:#ffffff'><\/div><\/div><\/div><br \/>\n<section class=\"av_textblock_section \"  itemscope=\"itemscope\" itemtype=\"https:\/\/schema.org\/CreativeWork\" ><div class='avia_textblock  '   itemprop=\"text\" ><p>Our company, which has generally done special works with its sensitive approach since 1988 in order to operate in the field of metal and steel industry, continues to maintain its place in the sector with its professional staff and references included in its portfolio.<\/p>\n<\/div><\/section><\/p><\/div>\n\n<\/div><\/div><\/main><!-- close content main element --><\/div><\/div><\/div><div id='av_section_2'  class='avia-section alternate_color avia-section-large avia-shadow  avia-bg-style-scroll  avia-builder-el-5  el_after_av_section  el_before_av_textblock   container_wrap sidebar_right' style=' '  ><div class='container' ><div class='template-page content  av-content-small alpha units'><div class='post-entry post-entry-type-page post-entry-3581'><div class='entry-content-wrapper clearfix'>\n<div   class='hr hr-short hr-center   avia-builder-el-6  el_before_av_one_fourth  avia-builder-el-first '><span class='hr-inner ' ><span class='hr-inner-style'><\/span><\/span><\/div>\n<div class=\"flex_column av_one_fourth  flex_column_div av-zero-column-padding first  avia-builder-el-7  el_after_av_hr  el_before_av_one_fourth  \" style='border-radius:0px; '><div  class=\"avia-animated-number av-force-default-color  avia-color-  avia-builder-el-8  avia-builder-el-no-sibling  avia_animate_when_visible\"  data-timer=\"3000\"><strong class=\"heading avia-animated-number-title\" ><span class='avia-animated-number-icon av-icon-before-number av-icon-char' aria-hidden='true' data-av_icon='\ue82b' data-av_iconfont='entypo-fontello'><\/span><span class=\"avia-no-number\">%<\/span><span class=\"avia-single-number __av-single-number\" data-number_format=\"\" data-number=\"100\" data-start_from=\"0\">100<\/span><\/strong><div class='avia-animated-number-content' ><p>Service Quality<\/p>\n<\/div><\/div><\/div><div class=\"flex_column av_one_fourth  flex_column_div av-zero-column-padding   avia-builder-el-9  el_after_av_one_fourth  el_before_av_one_fourth  \" style='border-radius:0px; '><div  class=\"avia-animated-number av-force-default-color  avia-color-  avia-builder-el-10  avia-builder-el-no-sibling  avia_animate_when_visible\"  data-timer=\"3000\"><strong class=\"heading avia-animated-number-title\" ><span class='avia-animated-number-icon av-icon-before-number av-icon-char' aria-hidden='true' data-av_icon='\ue80c' data-av_iconfont='entypo-fontello'><\/span><span class=\"avia-single-number __av-single-number\" data-number_format=\"\" data-number=\"1074\" data-start_from=\"0\">1074<\/span><\/strong><div class='avia-animated-number-content' ><p>Satisfied Customer<\/p>\n<\/div><\/div><\/div><div class=\"flex_column av_one_fourth  flex_column_div av-zero-column-padding   avia-builder-el-11  el_after_av_one_fourth  el_before_av_one_fourth  \" style='border-radius:0px; '><div  class=\"avia-animated-number av-force-default-color  avia-color-  avia-builder-el-12  avia-builder-el-no-sibling  avia_animate_when_visible\"  data-timer=\"3000\"><strong class=\"heading avia-animated-number-title\" ><span class='avia-animated-number-icon av-icon-before-number av-icon-char' aria-hidden='true' data-av_icon='\ue812' data-av_iconfont='entypo-fontello'><\/span><span class=\"avia-single-number __av-single-number\" data-number_format=\"\" data-number=\"104\" data-start_from=\"0\">104<\/span><\/strong><div class='avia-animated-number-content' ><p>Completed Project<\/p>\n<\/div><\/div><\/div><div class=\"flex_column av_one_fourth  flex_column_div av-zero-column-padding   avia-builder-el-13  el_after_av_one_fourth  avia-builder-el-last  \" style='border-radius:0px; '><div  class=\"avia-animated-number av-force-default-color  avia-color-  avia-builder-el-14  avia-builder-el-no-sibling  avia_animate_when_visible\"  data-timer=\"3000\"><strong class=\"heading avia-animated-number-title\" ><span class='avia-animated-number-icon av-icon-before-number av-icon-char' aria-hidden='true' data-av_icon='\ue863' data-av_iconfont='entypo-fontello'><\/span><span class=\"avia-single-number __av-single-number\" data-number_format=\"\" data-number=\"37\" data-start_from=\"0\">37<\/span><\/strong><div class='avia-animated-number-content' ><p>Years of Experience<\/p>\n<\/div><\/div><\/div>\n<\/div><\/div><\/div><!-- close content main div --><\/div><\/div><div id='after_section_2'  class='main_color av_default_container_wrap container_wrap sidebar_right' style=' '  ><div class='container' ><div class='template-page content  av-content-small alpha units'><div class='post-entry post-entry-type-page post-entry-3581'><div class='entry-content-wrapper clearfix'>\n<section class=\"av_textblock_section \"  itemscope=\"itemscope\" itemtype=\"https:\/\/schema.org\/CreativeWork\" ><div class='avia_textblock  '   itemprop=\"text\" ><p class=\"p1\"><strong data-start=\"187\" data-end=\"200\">OUR STORY<\/strong><\/p>\n<p data-start=\"202\" data-end=\"362\">It all began in 1988 with a vision by Ahmet Akda\u011f:<br data-start=\"252\" data-end=\"255\" \/><strong data-start=\"255\" data-end=\"362\">&#8220;To establish a company that supports local production and stands out with high-quality craftsmanship.&#8221;<\/strong><\/p>\n<p data-start=\"364\" data-end=\"668\">Founded with this ambition, <strong data-start=\"392\" data-end=\"407\">ERDA\u011e METAL<\/strong> entered the metal processing industry not just as a manufacturer, but as a <strong data-start=\"483\" data-end=\"516\">value-driven solution partner<\/strong>. From the very beginning, we have differentiated ourselves through our meticulous approach to custom projects and our unwavering commitment to quality.<\/p>\n<p data-start=\"670\" data-end=\"1037\">Over the years, we continuously expanded our technological infrastructure, modernized our machinery, and deepened our expertise. Yet one thing has remained unchanged: <strong data-start=\"837\" data-end=\"907\">our respect for our craft and the promises we make to our clients.<\/strong><br data-start=\"907\" data-end=\"910\" \/>In every project, in every product, we work with care\u2014because to us, \u201cproduction\u201d is not just a job, it\u2019s a <strong data-start=\"1018\" data-end=\"1036\">responsibility<\/strong>.<\/p>\n<p data-start=\"1039\" data-end=\"1304\">At ERDA\u011e METAL, we believe the greatest assets of a company are <strong data-start=\"1103\" data-end=\"1147\">trust, consistency, and human connection<\/strong>.<br data-start=\"1148\" data-end=\"1151\" \/>We choose to build long-term relationships with our customers. Our quality is reflected not only in what we produce, but in <strong data-start=\"1275\" data-end=\"1303\">how we conduct ourselves<\/strong>.<\/p>\n<p data-start=\"1306\" data-end=\"1543\">Today, as a respected partner to distinguished brands both in Turkey and abroad, we carry the pride of our past into the future.<br data-start=\"1434\" data-end=\"1437\" \/>With each new project, we\u2019re not just shaping metal\u2014we\u2019re building <strong data-start=\"1504\" data-end=\"1542\">trust, quality, and sustainability<\/strong>.<\/p>\n<p data-start=\"1545\" data-end=\"1709\">Driven by the legacy of the past and inspired by the future, we continue working with dedication to leave a stronger manufacturing culture for the next generations.<\/p>\n<p data-start=\"1711\" data-end=\"1745\"><strong data-start=\"1711\" data-end=\"1726\">ERDA\u011e METAL<\/strong><br data-start=\"1726\" data-end=\"1729\" \/><em data-start=\"1729\" data-end=\"1745\">Shaping trust.<\/em><\/p>\n<\/div><\/section>\n<div   class='hr hr-short hr-center   avia-builder-el-16  el_after_av_textblock  avia-builder-el-last '><span class='hr-inner ' ><span class='hr-inner-style'><\/span><\/span><\/div>\n","protected":false},"excerpt":{"rendered":"<p>Metal ve \u00e7elik end\u00fcstri alan\u0131nda faaliyet g\u00f6stermek i\u00e7in 1988 y\u0131l\u0131ndan beri hassas yakla\u015f\u0131m\u0131 ile genellikle \u00f6zel i\u015fler yapm\u0131\u015f firmam\u0131z, profesyonel kadrosu ve portf\u00f6y\u00fcne dahil etti\u011fi referanslar\u0131 ile sekt\u00f6rdeki yerini korumaya devam etmektedir.<\/p>\n","protected":false},"author":1,"featured_media":4071,"parent":0,"menu_order":0,"comment_status":"closed","ping_status":"closed","template":"","meta":{"footnotes":""},"class_list":["post-3581","page","type-page","status-publish","has-post-thumbnail","hentry"],"_links":{"self":[{"href":"https:\/\/erdagmetal.com\/en\/wp-json\/wp\/v2\/pages\/3581","targetHints":{"allow":["GET"]}}],"collection":[{"href":"https:\/\/erdagmetal.com\/en\/wp-json\/wp\/v2\/pages"}],"about":[{"href":"https:\/\/erdagmetal.com\/en\/wp-json\/wp\/v2\/types\/page"}],"author":[{"embeddable":true,"href":"https:\/\/erdagmetal.com\/en\/wp-json\/wp\/v2\/users\/1"}],"replies":[{"embeddable":true,"href":"https:\/\/erdagmetal.com\/en\/wp-json\/wp\/v2\/comments?post=3581"}],"version-history":[{"count":7,"href":"https:\/\/erdagmetal.com\/en\/wp-json\/wp\/v2\/pages\/3581\/revisions"}],"predecessor-version":[{"id":4708,"href":"https:\/\/erdagmetal.com\/en\/wp-json\/wp\/v2\/pages\/3581\/revisions\/4708"}],"wp:featuredmedia":[{"embeddable":true,"href":"https:\/\/erdagmetal.com\/en\/wp-json\/wp\/v2\/media\/4071"}],"wp:attachment":[{"href":"https:\/\/erdagmetal.com\/en\/wp-json\/wp\/v2\/media?parent=3581"}],"curies":[{"name":"wp","href":"https:\/\/api.w.org\/{rel}","templated":true}]}}