{"id":4277,"date":"2020-10-07T13:27:38","date_gmt":"2020-10-07T10:27:38","guid":{"rendered":"http:\/\/localhost\/erdagmetal\/?page_id=4277"},"modified":"2024-05-01T12:15:22","modified_gmt":"2024-05-01T09:15:22","slug":"manufacturing","status":"publish","type":"page","link":"https:\/\/erdagmetal.com\/en\/manufacturing\/","title":{"rendered":"Manufacturing"},"content":{"rendered":"<div  style='padding-bottom:0px; ' class='av-special-heading av-special-heading-h2  blockquote modern-quote modern-centered  avia-builder-el-0  el_before_av_hr  avia-builder-el-first  '><h2 class='av-special-heading-tag '  itemprop=\"headline\"  >Our Manufacturing<\/h2><div class='special-heading-border'><div class='special-heading-inner-border' ><\/div><\/div><\/div>\n<div  style=' margin-top:5px; margin-bottom:35px;'  class='hr hr-custom hr-center hr-icon-no   avia-builder-el-1  el_after_av_heading  el_before_av_one_half '><span class='hr-inner  inner-border-av-border-fat' style=' width:50px; border-color:#efbb20;' ><span class='hr-inner-style'><\/span><\/span><\/div>\n<div class=\"flex_column av_one_half  av-animated-generic bottom-to-top  flex_column_div av-zero-column-padding first  avia-builder-el-2  el_after_av_hr  el_before_av_one_half  \" style='border-radius:0px; '><p><div  class='avia-image-container  av-styling-no-styling    avia-builder-el-3  el_before_av_heading  avia-builder-el-first  avia-align-center '  itemprop=\"image\" itemscope=\"itemscope\" itemtype=\"https:\/\/schema.org\/ImageObject\"  ><div class='avia-image-container-inner'><div class='avia-image-overlay-wrap'><a href='https:\/\/erdagmetal.com\/en\/elevator-buckets\/' class='avia_image'  ><img decoding=\"async\" width=\"600\" height=\"300\" class='wp-image-4088 avia-img-lazy-loading-not-4088 avia_image' src=\"https:\/\/erdagmetal.com\/en\/wp-content\/uploads\/sites\/2\/2020\/10\/elevator-kovalari-hizmetler.png\" alt='elevat\u00f6r kovas\u0131 konya, elevat\u00f6r kovas\u0131 \u00f6l\u00e7\u00fcleri, elevat\u00f6r kovas\u0131 fiyatlar\u0131, elevat\u00f6r kovas\u0131 imalat\u0131, elevat\u00f6r kovas\u0131 izmir, elevat\u00f6r kovas\u0131 ankara, elevat\u00f6r kovas\u0131 nedir, elevat\u00f6r kovas\u0131 plastik, akyol elevat\u00f6r kovas\u0131, elevat\u00f6r kova civatasi, elevat\u00f6r kova hacmi, elevat\u00f6r kova imalat\u0131, plastik elevat\u00f6r kovas\u0131 imalat\u0131, metal elevat\u00f6r kovas\u0131, millpart elevat\u00f6r kovas\u0131, nasa elevat\u00f6r kovas\u0131, elevat\u00f6r kova \u00f6l\u00e7\u00fcleri, sac elevat\u00f6r kovas\u0131, z elevat\u00f6r kovas\u0131, tapco elevat\u00f6r kovas\u0131, millpart elevat\u00f6r kovalar\u0131, plastik elevat\u00f6r kovalar\u0131, elevat\u00f6r kovas\u0131, elevat\u00f6r kovas\u0131 \u00f6l\u00e7\u00fcleri, elevat\u00f6r kovas\u0131 imalat\u0131, elevat\u00f6r kovas\u0131 konya, elevat\u00f6r kova civatasi, elevat\u00f6r kovas\u0131 izmir, elevat\u00f6r kovas\u0131 ankara, elevat\u00f6r kovasi, elevat\u00f6r kova, elevat\u00f6r kova imalat\u0131, elevat\u00f6r seti, elevat\u00f6r kovas\u0131 fiyatlar\u0131, elevat\u00f6r \u00e7e\u015fitleri, elevat\u00f6r sistemleri, elevat\u00f6r kullan\u0131m\u0131, elevat\u00f6r imalat\u0131, elevat\u00f6r kova hacmi, plastik elevat\u00f6r kovas\u0131 imalat\u0131, elevat\u00f6r kovas\u0131 nedir, elevat\u00f6r kovas\u0131 plastik, plastik elevat\u00f6r kovas\u0131, elevat\u00f6r imalat\u00e7\u0131lar\u0131, z elevat\u00f6r kovas\u0131, elevat\u00f6r fiyatlar\u0131, style aa, style ac, style hf, style lf, style mf, style sc, agrega kova, agrega, agrega elevat\u00f6r kovas\u0131, s\u00fcper capacity kova, medium front, low front, hing front, s\u00fcper capacity, medium front elevat\u00f6r kovas\u0131, low front elevat\u00f6r kovas\u0131, hing front elevat\u00f6r kovas\u0131, s\u00fcper capacity elevat\u00f6r kovas\u0131,' title='elevat\u00f6r-kovalar\u0131-hizmetler'  itemprop=\"thumbnailUrl\" srcset=\"https:\/\/erdagmetal.com\/en\/wp-content\/uploads\/sites\/2\/2020\/10\/elevator-kovalari-hizmetler.png 600w, https:\/\/erdagmetal.com\/en\/wp-content\/uploads\/sites\/2\/2020\/10\/elevator-kovalari-hizmetler-300x150.png 300w\" sizes=\"(max-width: 600px) 100vw, 600px\" \/><\/a><\/div><\/div><\/div><br \/>\n<div  style='padding-bottom:0px; ' class='av-special-heading av-special-heading-h3  blockquote modern-quote  avia-builder-el-4  el_after_av_image  el_before_av_hr  '><h3 class='av-special-heading-tag '  itemprop=\"headline\"  >Buckets<\/h3><div class='special-heading-border'><div class='special-heading-inner-border' ><\/div><\/div><\/div><br \/>\n<div  style=' margin-top:10px; margin-bottom:10px;'  class='hr hr-custom hr-left hr-icon-no   avia-builder-el-5  el_after_av_heading  el_before_av_textblock '><span class='hr-inner  inner-border-av-border-fat' style=' width:50px; border-color:#efbb20;' ><span class='hr-inner-style'><\/span><\/span><\/div><br \/>\n<section class=\"av_textblock_section \"  itemscope=\"itemscope\" itemtype=\"https:\/\/schema.org\/CreativeWork\" ><div class='avia_textblock  '   itemprop=\"text\" ><p>We produce metal welded elevator buckets in different material types according to the standards or according to the customer&#8217;s request with special anti-wear supports.<\/p>\n<\/div><\/section><\/p><\/div>\n<div class=\"flex_column av_one_half  av-animated-generic bottom-to-top  flex_column_div av-zero-column-padding   avia-builder-el-7  el_after_av_one_half  el_before_av_one_half  \" style='border-radius:0px; '><p><div  class='avia-image-container  av-styling-no-styling    avia-builder-el-8  el_before_av_heading  avia-builder-el-first  avia-align-center '  itemprop=\"image\" itemscope=\"itemscope\" itemtype=\"https:\/\/schema.org\/ImageObject\"  ><div class='avia-image-container-inner'><div class='avia-image-overlay-wrap'><a href='http:\/\/erdagmetal.com\/klapeler' class='avia_image'  ><img decoding=\"async\" width=\"600\" height=\"300\" class='wp-image-4093 avia-img-lazy-loading-not-4093 avia_image' src=\"https:\/\/erdagmetal.com\/en\/wp-content\/uploads\/sites\/2\/2020\/10\/surgulu-klapeler-erdag-metal.png\" alt='s\u00fcrg\u00fcl\u00fc klape \u00f6l\u00e7\u00fcleri, s\u00fcrg\u00fcl\u00fc klape fiyatlar\u0131, s\u00fcrg\u00fc klape, pn\u00f6matik s\u00fcrg\u00fcl\u00fc klape, manuel s\u00fcrg\u00fcl\u00fc klape, wam s\u00fcrg\u00fcl\u00fc klape, pistonlu s\u00fcrg\u00fcl\u00fc klape, silo alt\u0131 s\u00fcrg\u00fcl\u00fc klape, s\u00fcrg\u00fcl\u00fc valf, s\u00fcrg\u00fcl\u00fc kilitler, 2 klape, 3 klape,' title='s\u00fcrg\u00fcl\u00fc klape \u00f6l\u00e7\u00fcleri, s\u00fcrg\u00fcl\u00fc klape fiyatlar\u0131, s\u00fcrg\u00fc klape, pn\u00f6matik s\u00fcrg\u00fcl\u00fc klape, manuel s\u00fcrg\u00fcl\u00fc klape, wam s\u00fcrg\u00fcl\u00fc klape, pistonlu s\u00fcrg\u00fcl\u00fc klape, silo alt\u0131 s\u00fcrg\u00fcl\u00fc klape, s\u00fcrg\u00fcl\u00fc valf, s\u00fcrg\u00fcl\u00fc kilitler, 2 klape, 3 klape,'  itemprop=\"thumbnailUrl\" srcset=\"https:\/\/erdagmetal.com\/en\/wp-content\/uploads\/sites\/2\/2020\/10\/surgulu-klapeler-erdag-metal.png 600w, https:\/\/erdagmetal.com\/en\/wp-content\/uploads\/sites\/2\/2020\/10\/surgulu-klapeler-erdag-metal-300x150.png 300w\" sizes=\"(max-width: 600px) 100vw, 600px\" \/><\/a><\/div><\/div><\/div><br \/>\n<div  style='padding-bottom:0px; ' class='av-special-heading av-special-heading-h3  blockquote modern-quote  avia-builder-el-9  el_after_av_image  el_before_av_hr  '><h3 class='av-special-heading-tag '  itemprop=\"headline\"  >Sliding Valves<\/h3><div class='special-heading-border'><div class='special-heading-inner-border' ><\/div><\/div><\/div><br \/>\n<div  style=' margin-top:10px; margin-bottom:10px;'  class='hr hr-custom hr-left hr-icon-no   avia-builder-el-10  el_after_av_heading  el_before_av_textblock '><span class='hr-inner  inner-border-av-border-fat' style=' width:50px; border-color:#efbb20;' ><span class='hr-inner-style'><\/span><\/span><\/div><br \/>\n<section class=\"av_textblock_section \"  itemscope=\"itemscope\" itemtype=\"https:\/\/schema.org\/CreativeWork\" ><div class='avia_textblock  '   itemprop=\"text\" ><p>Sliding flaps (valves) used for dry product silos and passages are produced manually or automatically (hydraulic \/ pneumatic).<\/p>\n<\/div><\/section><\/p><\/div>\n<div class=\"flex_column av_one_half  av-animated-generic bottom-to-top  flex_column_div av-zero-column-padding first  avia-builder-el-12  el_after_av_one_half  el_before_av_one_half  column-top-margin\" style='border-radius:0px; '><p><div  class='avia-image-container  av-styling-no-styling    avia-builder-el-13  el_before_av_heading  avia-builder-el-first  avia-align-center '  itemprop=\"image\" itemscope=\"itemscope\" itemtype=\"https:\/\/schema.org\/ImageObject\"  ><div class='avia-image-container-inner'><div class='avia-image-overlay-wrap'><a href='https:\/\/erdagmetal.com\/bin-aktuvator\/' class='avia_image'  ><img decoding=\"async\" width=\"600\" height=\"300\" class='wp-image-4090 avia-img-lazy-loading-not-4090 avia_image' src=\"https:\/\/erdagmetal.com\/en\/wp-content\/uploads\/sites\/2\/2020\/10\/bin-aktuvatorler-hizmetler.png\" alt='' title='bin-akt\u00fcvat\u00f6rler-hizmetler'  itemprop=\"thumbnailUrl\" srcset=\"https:\/\/erdagmetal.com\/en\/wp-content\/uploads\/sites\/2\/2020\/10\/bin-aktuvatorler-hizmetler.png 600w, https:\/\/erdagmetal.com\/en\/wp-content\/uploads\/sites\/2\/2020\/10\/bin-aktuvatorler-hizmetler-300x150.png 300w\" sizes=\"(max-width: 600px) 100vw, 600px\" \/><\/a><\/div><\/div><\/div><br \/>\n<div  style='padding-bottom:0px; ' class='av-special-heading av-special-heading-h3  blockquote modern-quote  avia-builder-el-14  el_after_av_image  el_before_av_hr  '><h3 class='av-special-heading-tag '  itemprop=\"headline\"  >Actuators<\/h3><div class='special-heading-border'><div class='special-heading-inner-border' ><\/div><\/div><\/div><br \/>\n<div  style=' margin-top:10px; margin-bottom:10px;'  class='hr hr-custom hr-left hr-icon-no   avia-builder-el-15  el_after_av_heading  el_before_av_textblock '><span class='hr-inner  inner-border-av-border-fat' style=' width:50px; border-color:#efbb20;' ><span class='hr-inner-style'><\/span><\/span><\/div><br \/>\n<section class=\"av_textblock_section \"  itemscope=\"itemscope\" itemtype=\"https:\/\/schema.org\/CreativeWork\" ><div class='avia_textblock  '   itemprop=\"text\" ><p>These vibration assisted machines used in silo discharge systems are generally used for a comfortable discharge. We produce different sizes and stainless steel for each product.<\/p>\n<\/div><\/section><\/p><\/div><div class=\"flex_column av_one_half  av-animated-generic bottom-to-top  flex_column_div av-zero-column-padding   avia-builder-el-17  el_after_av_one_half  el_before_av_hr  column-top-margin\" style='border-radius:0px; '><p><div  class='avia-image-container  av-styling-no-styling    avia-builder-el-18  el_before_av_heading  avia-builder-el-first  avia-align-center '  itemprop=\"image\" itemscope=\"itemscope\" itemtype=\"https:\/\/schema.org\/ImageObject\"  ><div class='avia-image-container-inner'><div class='avia-image-overlay-wrap'><img decoding=\"async\" class='wp-image-4101 avia-img-lazy-loading-not-4101 avia_image' src=\"https:\/\/erdagmetal.com\/en\/wp-content\/uploads\/sites\/2\/2020\/10\/mobilya-aksamlari-masa-sandalye-1.png\" alt='' title='mobilya-aksamlar\u0131-masa-sandalye-1' height=\"300\" width=\"600\"  itemprop=\"thumbnailUrl\" srcset=\"https:\/\/erdagmetal.com\/en\/wp-content\/uploads\/sites\/2\/2020\/10\/mobilya-aksamlari-masa-sandalye-1.png 600w, https:\/\/erdagmetal.com\/en\/wp-content\/uploads\/sites\/2\/2020\/10\/mobilya-aksamlari-masa-sandalye-1-300x150.png 300w\" sizes=\"(max-width: 600px) 100vw, 600px\" \/><\/div><\/div><\/div><br \/>\n<div  style='padding-bottom:0px; ' class='av-special-heading av-special-heading-h3  blockquote modern-quote  avia-builder-el-19  el_after_av_image  el_before_av_hr  '><h3 class='av-special-heading-tag '  itemprop=\"headline\"  >Furniture Metals<\/h3><div class='special-heading-border'><div class='special-heading-inner-border' ><\/div><\/div><\/div><br \/>\n<div  style=' margin-top:10px; margin-bottom:10px;'  class='hr hr-custom hr-left hr-icon-no   avia-builder-el-20  el_after_av_heading  el_before_av_textblock '><span class='hr-inner  inner-border-av-border-fat' style=' width:50px; border-color:#efbb20;' ><span class='hr-inner-style'><\/span><\/span><\/div><br \/>\n<section class=\"av_textblock_section \"  itemscope=\"itemscope\" itemtype=\"https:\/\/schema.org\/CreativeWork\" ><div class='avia_textblock  '   itemprop=\"text\" ><p>We mass-produce metal parts of equipment such as heavy-duty bunk beds, school desks, tables and chairs. We have been exporting the products we manufacture in European and world standards for years.<\/p>\n<\/div><\/section><\/p><\/div><\/p>\n<div   class='hr hr-default   avia-builder-el-22  el_after_av_one_half  el_before_av_hr '><span class='hr-inner ' ><span class='hr-inner-style'><\/span><\/span><\/div>\n<div  style=' margin-top:5px; margin-bottom:35px;'  class='hr hr-custom hr-center hr-icon-no   avia-builder-el-23  el_after_av_hr  avia-builder-el-last '><span class='hr-inner  inner-border-av-border-fat' style=' width:50px; border-color:#efbb20;' ><span class='hr-inner-style'><\/span><\/span><\/div>\n","protected":false},"excerpt":{"rendered":"<p>D\u00fcnden bu g\u00fcne vermi\u015f oldu\u011fumuz hizmetlerimizi genel konu ba\u015fl\u0131klar\u0131n\u0131 ve detaylar\u0131na buradan ula\u015fabilirsiniz.<\/p>\n","protected":false},"author":1,"featured_media":3809,"parent":0,"menu_order":0,"comment_status":"closed","ping_status":"closed","template":"","meta":{"footnotes":""},"class_list":["post-4277","page","type-page","status-publish","has-post-thumbnail","hentry"],"_links":{"self":[{"href":"https:\/\/erdagmetal.com\/en\/wp-json\/wp\/v2\/pages\/4277","targetHints":{"allow":["GET"]}}],"collection":[{"href":"https:\/\/erdagmetal.com\/en\/wp-json\/wp\/v2\/pages"}],"about":[{"href":"https:\/\/erdagmetal.com\/en\/wp-json\/wp\/v2\/types\/page"}],"author":[{"embeddable":true,"href":"https:\/\/erdagmetal.com\/en\/wp-json\/wp\/v2\/users\/1"}],"replies":[{"embeddable":true,"href":"https:\/\/erdagmetal.com\/en\/wp-json\/wp\/v2\/comments?post=4277"}],"version-history":[{"count":5,"href":"https:\/\/erdagmetal.com\/en\/wp-json\/wp\/v2\/pages\/4277\/revisions"}],"predecessor-version":[{"id":4643,"href":"https:\/\/erdagmetal.com\/en\/wp-json\/wp\/v2\/pages\/4277\/revisions\/4643"}],"wp:featuredmedia":[{"embeddable":true,"href":"https:\/\/erdagmetal.com\/en\/wp-json\/wp\/v2\/media\/3809"}],"wp:attachment":[{"href":"https:\/\/erdagmetal.com\/en\/wp-json\/wp\/v2\/media?parent=4277"}],"curies":[{"name":"wp","href":"https:\/\/api.w.org\/{rel}","templated":true}]}}