{"id":3581,"date":"2020-09-25T20:22:39","date_gmt":"2020-09-25T17:22:39","guid":{"rendered":"http:\/\/localhost\/emproduce\/?page_id=3581"},"modified":"2025-06-23T15:50:14","modified_gmt":"2025-06-23T12:50:14","slug":"corporation","status":"publish","type":"page","link":"https:\/\/erdagmetal.com\/fr\/corporation\/","title":{"rendered":"Corporation"},"content":{"rendered":"<div id='av_section_1'  class='avia-section main_color avia-section-default avia-no-border-styling  avia-full-stretch av-section-color-overlay-active avia-bg-style-scroll  avia-builder-el-0  el_before_av_section  avia-builder-el-first   container_wrap sidebar_right' style='background-repeat: no-repeat; background-image: url(https:\/\/erdagmetal.com\/fr\/wp-content\/uploads\/sites\/3\/2021\/08\/Since1998-300x126.png);background-attachment: scroll; background-position: top center;  '  data-section-bg-repeat='stretch'><div class='av-section-color-overlay-wrap'><div class='av-section-color-overlay' style='opacity: 0.6; background-color: #000000; '><\/div><div class='container' ><main  role=\"main\" itemprop=\"mainContentOfPage\"  class='template-page content  av-content-small alpha units'><div class='post-entry post-entry-type-page post-entry-3581'><div class='entry-content-wrapper clearfix'>\n<div class=\"flex_column av_one_half  flex_column_div first  avia-builder-el-1  avia-builder-el-no-sibling  \" ><p><div  style='padding-bottom:10px; color:#ffffff;' class='av-special-heading av-special-heading-h2 custom-color-heading   avia-builder-el-2  el_before_av_heading  avia-builder-el-first  '><h2 class='av-special-heading-tag '  itemprop=\"headline\"  >WELCOME TO ERDA\u011e METAL INDUSTRY<\/h2><div class='special-heading-border'><div class='special-heading-inner-border' style='border-color:#ffffff'><\/div><\/div><\/div><br \/>\n<div  style='padding-bottom:10px; color:#ffffff;' class='av-special-heading av-special-heading-h3 custom-color-heading   avia-builder-el-3  el_after_av_heading  el_before_av_textblock  '><h3 class='av-special-heading-tag '  itemprop=\"headline\"  >37 YEARS OF EXPERIENCE<\/h3><div class='special-heading-border'><div class='special-heading-inner-border' style='border-color:#ffffff'><\/div><\/div><\/div><br \/>\n<section class=\"av_textblock_section \"  itemscope=\"itemscope\" itemtype=\"https:\/\/schema.org\/CreativeWork\" ><div class='avia_textblock  '   itemprop=\"text\" ><p>Our company, which has generally done special works with its sensitive approach since 1988 in order to operate in the field of metal and steel industry, continues to maintain its place in the sector with its professional staff and references included in its portfolio.<\/p>\n<\/div><\/section><\/p><\/div>\n\n<\/div><\/div><\/main><!-- close content main element --><\/div><\/div><\/div><div id='av_section_2'  class='avia-section alternate_color avia-section-large avia-shadow  avia-bg-style-scroll  avia-builder-el-5  el_after_av_section  el_before_av_textblock   container_wrap sidebar_right' style=' '  ><div class='container' ><div class='template-page content  av-content-small alpha units'><div class='post-entry post-entry-type-page post-entry-3581'><div class='entry-content-wrapper clearfix'>\n<div   class='hr hr-short hr-center   avia-builder-el-6  el_before_av_one_fourth  avia-builder-el-first '><span class='hr-inner ' ><span class='hr-inner-style'><\/span><\/span><\/div>\n<div class=\"flex_column av_one_fourth  flex_column_div av-zero-column-padding first  avia-builder-el-7  el_after_av_hr  el_before_av_one_fourth  \" style='border-radius:0px; '><div  class=\"avia-animated-number av-force-default-color  avia-color-  avia-builder-el-8  avia-builder-el-no-sibling  avia_animate_when_visible\"  data-timer=\"3000\"><strong class=\"heading avia-animated-number-title\" ><span class='avia-animated-number-icon av-icon-before-number av-icon-char' aria-hidden='true' data-av_icon='\ue82b' data-av_iconfont='entypo-fontello'><\/span><span class=\"avia-no-number\">%<\/span><span class=\"avia-single-number __av-single-number\" data-number_format=\"\" data-number=\"100\" data-start_from=\"0\">100<\/span><\/strong><div class='avia-animated-number-content' ><p>Service Quality<\/p>\n<\/div><\/div><\/div><div class=\"flex_column av_one_fourth  flex_column_div av-zero-column-padding   avia-builder-el-9  el_after_av_one_fourth  el_before_av_one_fourth  \" style='border-radius:0px; '><div  class=\"avia-animated-number av-force-default-color  avia-color-  avia-builder-el-10  avia-builder-el-no-sibling  avia_animate_when_visible\"  data-timer=\"3000\"><strong class=\"heading avia-animated-number-title\" ><span class='avia-animated-number-icon av-icon-before-number av-icon-char' aria-hidden='true' data-av_icon='\ue80c' data-av_iconfont='entypo-fontello'><\/span><span class=\"avia-single-number __av-single-number\" data-number_format=\"\" data-number=\"1074\" data-start_from=\"0\">1074<\/span><\/strong><div class='avia-animated-number-content' ><p>Satisfied Customer<\/p>\n<\/div><\/div><\/div><div class=\"flex_column av_one_fourth  flex_column_div av-zero-column-padding   avia-builder-el-11  el_after_av_one_fourth  el_before_av_one_fourth  \" style='border-radius:0px; '><div  class=\"avia-animated-number av-force-default-color  avia-color-  avia-builder-el-12  avia-builder-el-no-sibling  avia_animate_when_visible\"  data-timer=\"3000\"><strong class=\"heading avia-animated-number-title\" ><span class='avia-animated-number-icon av-icon-before-number av-icon-char' aria-hidden='true' data-av_icon='\ue812' data-av_iconfont='entypo-fontello'><\/span><span class=\"avia-single-number __av-single-number\" data-number_format=\"\" data-number=\"104\" data-start_from=\"0\">104<\/span><\/strong><div class='avia-animated-number-content' ><p>Completed Project<\/p>\n<\/div><\/div><\/div><div class=\"flex_column av_one_fourth  flex_column_div av-zero-column-padding   avia-builder-el-13  el_after_av_one_fourth  avia-builder-el-last  \" style='border-radius:0px; '><div  class=\"avia-animated-number av-force-default-color  avia-color-  avia-builder-el-14  avia-builder-el-no-sibling  avia_animate_when_visible\"  data-timer=\"3000\"><strong class=\"heading avia-animated-number-title\" ><span class='avia-animated-number-icon av-icon-before-number av-icon-char' aria-hidden='true' data-av_icon='\ue863' data-av_iconfont='entypo-fontello'><\/span><span class=\"avia-single-number __av-single-number\" data-number_format=\"\" data-number=\"37\" data-start_from=\"0\">37<\/span><\/strong><div class='avia-animated-number-content' ><p>Years of Experience<\/p>\n<\/div><\/div><\/div>\n<\/div><\/div><\/div><!-- close content main div --><\/div><\/div><div id='after_section_2'  class='main_color av_default_container_wrap container_wrap sidebar_right' style=' '  ><div class='container' ><div class='template-page content  av-content-small alpha units'><div class='post-entry post-entry-type-page post-entry-3581'><div class='entry-content-wrapper clearfix'>\n<section class=\"av_textblock_section \"  itemscope=\"itemscope\" itemtype=\"https:\/\/schema.org\/CreativeWork\" ><div class='avia_textblock  '   itemprop=\"text\" ><h3 data-start=\"1752\" data-end=\"1779\"><strong data-start=\"1761\" data-end=\"1779\">NOTRE HISTOIRE<\/strong><\/h3>\n<p data-start=\"1781\" data-end=\"1953\">Tout a commenc\u00e9 en 1988 avec la vision d\u2019Ahmet Akda\u011f :<br data-start=\"1835\" data-end=\"1838\" \/><strong data-start=\"1838\" data-end=\"1953\">\u00ab Fonder une entreprise qui soutient la production locale et se distingue par la qualit\u00e9 de son savoir-faire. \u00bb<\/strong><\/p>\n<p data-start=\"1955\" data-end=\"2289\">C\u2019est ainsi qu\u2019est n\u00e9e <strong data-start=\"1978\" data-end=\"1993\">ERDA\u011e METAL<\/strong>, une entreprise qui a int\u00e9gr\u00e9 le secteur du travail des m\u00e9taux non pas simplement comme fabricant, mais comme un <strong data-start=\"2107\" data-end=\"2152\">partenaire de solutions porteur de valeur<\/strong>.<br data-start=\"2153\" data-end=\"2156\" \/>D\u00e8s ses d\u00e9buts, elle s\u2019est d\u00e9marqu\u00e9e par son approche rigoureuse des projets sur mesure et son engagement constant envers la qualit\u00e9.<\/p>\n<p data-start=\"2291\" data-end=\"2717\">Au fil des ann\u00e9es, nous avons continuellement d\u00e9velopp\u00e9 notre infrastructure technologique, modernis\u00e9 notre parc de machines et renforc\u00e9 notre expertise.<br data-start=\"2444\" data-end=\"2447\" \/>Mais une chose n\u2019a jamais chang\u00e9 : <strong data-start=\"2482\" data-end=\"2565\">le respect de notre m\u00e9tier et la fid\u00e9lit\u00e9 \u00e0 nos engagements envers nos clients.<\/strong><br data-start=\"2565\" data-end=\"2568\" \/>Dans chaque projet, dans chaque pi\u00e8ce, nous travaillons avec soin \u2014 car pour nous, \u00ab produire \u00bb n\u2019est pas qu\u2019un m\u00e9tier, c\u2019est une <strong data-start=\"2698\" data-end=\"2716\">responsabilit\u00e9<\/strong>.<\/p>\n<p data-start=\"2719\" data-end=\"3032\">Chez ERDA\u011e METAL, nous croyons que les plus grandes richesses d\u2019une entreprise sont <strong data-start=\"2803\" data-end=\"2856\">la confiance, la constance et la relation humaine<\/strong>.<br data-start=\"2857\" data-end=\"2860\" \/>Nous avons choisi de construire des relations durables avec nos clients. Notre qualit\u00e9 se refl\u00e8te non seulement dans nos produits, mais aussi dans <strong data-start=\"3007\" data-end=\"3031\">notre mani\u00e8re d\u2019agir<\/strong>.<\/p>\n<p data-start=\"3034\" data-end=\"3324\">Aujourd\u2019hui, en tant que partenaire reconnu de grandes marques en Turquie et \u00e0 l\u2019international, nous portons avec fiert\u00e9 l\u2019h\u00e9ritage de notre pass\u00e9 vers l\u2019avenir.<br data-start=\"3195\" data-end=\"3198\" \/>\u00c0 chaque nouveau projet, nous fa\u00e7onnons bien plus que le m\u00e9tal \u2014 nous b\u00e2tissons <strong data-start=\"3278\" data-end=\"3323\">la confiance, la qualit\u00e9 et la durabilit\u00e9<\/strong>.<\/p>\n<p data-start=\"3326\" data-end=\"3488\">Inspir\u00e9s par le pass\u00e9 et tourn\u00e9s vers l\u2019avenir, nous continuons \u00e0 \u0153uvrer avec d\u00e9vouement pour transmettre une culture de production forte aux g\u00e9n\u00e9rations futures.<\/p>\n<p data-start=\"3490\" data-end=\"3532\"><strong data-start=\"3490\" data-end=\"3505\">ERDA\u011e METAL<\/strong><br data-start=\"3505\" data-end=\"3508\" \/><em data-start=\"3508\" data-end=\"3532\">Fa\u00e7onner la confiance.<\/em><\/p>\n<\/div><\/section>\n<div   class='hr hr-short hr-center   avia-builder-el-16  el_after_av_textblock  avia-builder-el-last '><span class='hr-inner ' ><span class='hr-inner-style'><\/span><\/span><\/div>\n","protected":false},"excerpt":{"rendered":"<p>Metal ve \u00e7elik end\u00fcstri alan\u0131nda faaliyet g\u00f6stermek i\u00e7in 1988 y\u0131l\u0131ndan beri hassas yakla\u015f\u0131m\u0131 ile genellikle \u00f6zel i\u015fler yapm\u0131\u015f firmam\u0131z, profesyonel kadrosu ve portf\u00f6y\u00fcne dahil etti\u011fi referanslar\u0131 ile sekt\u00f6rdeki yerini korumaya devam etmektedir.<\/p>\n","protected":false},"author":2,"featured_media":4071,"parent":0,"menu_order":0,"comment_status":"closed","ping_status":"closed","template":"","meta":{"footnotes":""},"class_list":["post-3581","page","type-page","status-publish","has-post-thumbnail","hentry"],"_links":{"self":[{"href":"https:\/\/erdagmetal.com\/fr\/wp-json\/wp\/v2\/pages\/3581","targetHints":{"allow":["GET"]}}],"collection":[{"href":"https:\/\/erdagmetal.com\/fr\/wp-json\/wp\/v2\/pages"}],"about":[{"href":"https:\/\/erdagmetal.com\/fr\/wp-json\/wp\/v2\/types\/page"}],"author":[{"embeddable":true,"href":"https:\/\/erdagmetal.com\/fr\/wp-json\/wp\/v2\/users\/2"}],"replies":[{"embeddable":true,"href":"https:\/\/erdagmetal.com\/fr\/wp-json\/wp\/v2\/comments?post=3581"}],"version-history":[{"count":3,"href":"https:\/\/erdagmetal.com\/fr\/wp-json\/wp\/v2\/pages\/3581\/revisions"}],"predecessor-version":[{"id":4666,"href":"https:\/\/erdagmetal.com\/fr\/wp-json\/wp\/v2\/pages\/3581\/revisions\/4666"}],"wp:featuredmedia":[{"embeddable":true,"href":"https:\/\/erdagmetal.com\/fr\/wp-json\/wp\/v2\/media\/4071"}],"wp:attachment":[{"href":"https:\/\/erdagmetal.com\/fr\/wp-json\/wp\/v2\/media?parent=3581"}],"curies":[{"name":"wp","href":"https:\/\/api.w.org\/{rel}","templated":true}]}}