{"id":4277,"date":"2020-10-07T13:27:38","date_gmt":"2020-10-07T10:27:38","guid":{"rendered":"http:\/\/localhost\/erdagmetal\/?page_id=4277"},"modified":"2020-10-07T13:27:38","modified_gmt":"2020-10-07T10:27:38","slug":"manufacturing","status":"publish","type":"page","link":"https:\/\/erdagmetal.com\/fr\/manufacturing\/","title":{"rendered":"Manufacturing"},"content":{"rendered":"<div  style='padding-bottom:0px; ' class='av-special-heading av-special-heading-h2  blockquote modern-quote modern-centered  avia-builder-el-0  el_before_av_hr  avia-builder-el-first  '><h2 class='av-special-heading-tag '  itemprop=\"headline\"  >Our Manufacturing<\/h2><div class='special-heading-border'><div class='special-heading-inner-border' ><\/div><\/div><\/div>\n<div  style=' margin-top:5px; margin-bottom:35px;'  class='hr hr-custom hr-center hr-icon-no   avia-builder-el-1  el_after_av_heading  el_before_av_one_half '><span class='hr-inner  inner-border-av-border-fat' style=' width:50px; border-color:#efbb20;' ><span class='hr-inner-style'><\/span><\/span><\/div>\n<div class=\"flex_column av_one_half  av-animated-generic bottom-to-top  flex_column_div av-zero-column-padding first  avia-builder-el-2  el_after_av_hr  el_before_av_one_half  \" style='border-radius:0px; '><p><div  class='avia-image-container  av-styling-no-styling    avia-builder-el-3  el_before_av_heading  avia-builder-el-first  avia-align-center '  itemprop=\"image\" itemscope=\"itemscope\" itemtype=\"https:\/\/schema.org\/ImageObject\"  ><div class='avia-image-container-inner'><div class='avia-image-overlay-wrap'><a href='https:\/\/erdagmetal.com\/fr\/elevator-buckets\/' class='avia_image'  ><img decoding=\"async\" width=\"600\" height=\"300\" class='wp-image-4088 avia-img-lazy-loading-not-4088 avia_image' src=\"https:\/\/erdagmetal.com\/fr\/wp-content\/uploads\/sites\/3\/2020\/10\/elevator-kovalari-hizmetler.png\" alt='elevat\u00f6r kovas\u0131 konya, elevat\u00f6r kovas\u0131 \u00f6l\u00e7\u00fcleri, elevat\u00f6r kovas\u0131 fiyatlar\u0131, elevat\u00f6r kovas\u0131 imalat\u0131, elevat\u00f6r kovas\u0131 izmir, elevat\u00f6r kovas\u0131 ankara, elevat\u00f6r kovas\u0131 nedir, elevat\u00f6r kovas\u0131 plastik, akyol elevat\u00f6r kovas\u0131, elevat\u00f6r kova civatasi, elevat\u00f6r kova hacmi, elevat\u00f6r kova imalat\u0131, plastik elevat\u00f6r kovas\u0131 imalat\u0131, metal elevat\u00f6r kovas\u0131, millpart elevat\u00f6r kovas\u0131, nasa elevat\u00f6r kovas\u0131, elevat\u00f6r kova \u00f6l\u00e7\u00fcleri, sac elevat\u00f6r kovas\u0131, z elevat\u00f6r kovas\u0131, tapco elevat\u00f6r kovas\u0131, millpart elevat\u00f6r kovalar\u0131, plastik elevat\u00f6r kovalar\u0131, elevat\u00f6r kovas\u0131, elevat\u00f6r kovas\u0131 \u00f6l\u00e7\u00fcleri, elevat\u00f6r kovas\u0131 imalat\u0131, elevat\u00f6r kovas\u0131 konya, elevat\u00f6r kova civatasi, elevat\u00f6r kovas\u0131 izmir, elevat\u00f6r kovas\u0131 ankara, elevat\u00f6r kovasi, elevat\u00f6r kova, elevat\u00f6r kova imalat\u0131, elevat\u00f6r seti, elevat\u00f6r kovas\u0131 fiyatlar\u0131, elevat\u00f6r \u00e7e\u015fitleri, elevat\u00f6r sistemleri, elevat\u00f6r kullan\u0131m\u0131, elevat\u00f6r imalat\u0131, elevat\u00f6r kova hacmi, plastik elevat\u00f6r kovas\u0131 imalat\u0131, elevat\u00f6r kovas\u0131 nedir, elevat\u00f6r kovas\u0131 plastik, plastik elevat\u00f6r kovas\u0131, elevat\u00f6r imalat\u00e7\u0131lar\u0131, z elevat\u00f6r kovas\u0131, elevat\u00f6r fiyatlar\u0131, style aa, style ac, style hf, style lf, style mf, style sc, agrega kova, agrega, agrega elevat\u00f6r kovas\u0131, s\u00fcper capacity kova, medium front, low front, hing front, s\u00fcper capacity, medium front elevat\u00f6r kovas\u0131, low front elevat\u00f6r kovas\u0131, hing front elevat\u00f6r kovas\u0131, s\u00fcper capacity elevat\u00f6r kovas\u0131,' title='elevat\u00f6r-kovalar\u0131-hizmetler'  itemprop=\"thumbnailUrl\" srcset=\"https:\/\/erdagmetal.com\/fr\/wp-content\/uploads\/sites\/3\/2020\/10\/elevator-kovalari-hizmetler.png 600w, https:\/\/erdagmetal.com\/fr\/wp-content\/uploads\/sites\/3\/2020\/10\/elevator-kovalari-hizmetler-300x150.png 300w\" sizes=\"(max-width: 600px) 100vw, 600px\" \/><\/a><\/div><\/div><\/div><br \/>\n<div  style='padding-bottom:0px; ' class='av-special-heading av-special-heading-h3  blockquote modern-quote  avia-builder-el-4  el_after_av_image  el_before_av_hr  '><h3 class='av-special-heading-tag '  itemprop=\"headline\"  >Buckets<\/h3><div class='special-heading-border'><div class='special-heading-inner-border' ><\/div><\/div><\/div><br \/>\n<div  style=' margin-top:10px; margin-bottom:10px;'  class='hr hr-custom hr-left hr-icon-no   avia-builder-el-5  el_after_av_heading  el_before_av_textblock '><span class='hr-inner  inner-border-av-border-fat' style=' width:50px; border-color:#efbb20;' ><span class='hr-inner-style'><\/span><\/span><\/div><br \/>\n<section class=\"av_textblock_section \"  itemscope=\"itemscope\" itemtype=\"https:\/\/schema.org\/CreativeWork\" ><div class='avia_textblock  '   itemprop=\"text\" ><p>We produce metal welded elevator buckets in different material types according to the standards or according to the customer&rsquo;s request with special anti-wear supports.<\/p>\n<\/div><\/section><\/p><\/div><div class=\"flex_column av_one_half  av-animated-generic bottom-to-top  flex_column_div av-zero-column-padding   avia-builder-el-7  el_after_av_one_half  el_before_av_one_half  \" style='border-radius:0px; '><p><div  class='avia-image-container  av-styling-no-styling    avia-builder-el-8  el_before_av_heading  avia-builder-el-first  avia-align-center '  itemprop=\"image\" itemscope=\"itemscope\" itemtype=\"https:\/\/schema.org\/ImageObject\"  ><div class='avia-image-container-inner'><div class='avia-image-overlay-wrap'><img decoding=\"async\" class='wp-image-4093 avia-img-lazy-loading-not-4093 avia_image' src=\"https:\/\/erdagmetal.com\/fr\/wp-content\/uploads\/sites\/3\/2020\/10\/surgulu-klapeler-erdag-metal.png\" alt='s\u00fcrg\u00fcl\u00fc klape \u00f6l\u00e7\u00fcleri, s\u00fcrg\u00fcl\u00fc klape fiyatlar\u0131, s\u00fcrg\u00fc klape, pn\u00f6matik s\u00fcrg\u00fcl\u00fc klape, manuel s\u00fcrg\u00fcl\u00fc klape, wam s\u00fcrg\u00fcl\u00fc klape, pistonlu s\u00fcrg\u00fcl\u00fc klape, silo alt\u0131 s\u00fcrg\u00fcl\u00fc klape, s\u00fcrg\u00fcl\u00fc valf, s\u00fcrg\u00fcl\u00fc kilitler, 2 klape, 3 klape,' title='s\u00fcrg\u00fcl\u00fc klape \u00f6l\u00e7\u00fcleri, s\u00fcrg\u00fcl\u00fc klape fiyatlar\u0131, s\u00fcrg\u00fc klape, pn\u00f6matik s\u00fcrg\u00fcl\u00fc klape, manuel s\u00fcrg\u00fcl\u00fc klape, wam s\u00fcrg\u00fcl\u00fc klape, pistonlu s\u00fcrg\u00fcl\u00fc klape, silo alt\u0131 s\u00fcrg\u00fcl\u00fc klape, s\u00fcrg\u00fcl\u00fc valf, s\u00fcrg\u00fcl\u00fc kilitler, 2 klape, 3 klape,' height=\"300\" width=\"600\"  itemprop=\"thumbnailUrl\" srcset=\"https:\/\/erdagmetal.com\/fr\/wp-content\/uploads\/sites\/3\/2020\/10\/surgulu-klapeler-erdag-metal.png 600w, https:\/\/erdagmetal.com\/fr\/wp-content\/uploads\/sites\/3\/2020\/10\/surgulu-klapeler-erdag-metal-300x150.png 300w\" sizes=\"(max-width: 600px) 100vw, 600px\" \/><\/div><\/div><\/div><br \/>\n<div  style='padding-bottom:0px; ' class='av-special-heading av-special-heading-h3  blockquote modern-quote  avia-builder-el-9  el_after_av_image  el_before_av_hr  '><h3 class='av-special-heading-tag '  itemprop=\"headline\"  >Sliding Valves<\/h3><div class='special-heading-border'><div class='special-heading-inner-border' ><\/div><\/div><\/div><br \/>\n<div  style=' margin-top:10px; margin-bottom:10px;'  class='hr hr-custom hr-left hr-icon-no   avia-builder-el-10  el_after_av_heading  el_before_av_textblock '><span class='hr-inner  inner-border-av-border-fat' style=' width:50px; border-color:#efbb20;' ><span class='hr-inner-style'><\/span><\/span><\/div><br \/>\n<section class=\"av_textblock_section \"  itemscope=\"itemscope\" itemtype=\"https:\/\/schema.org\/CreativeWork\" ><div class='avia_textblock  '   itemprop=\"text\" ><p>Sliding flaps (valves) used for dry product silos and passages are produced manually or automatically (hydraulic \/ pneumatic).<\/p>\n<\/div><\/section><\/p><\/div><div class=\"flex_column av_one_half  av-animated-generic bottom-to-top  flex_column_div av-zero-column-padding first  avia-builder-el-12  el_after_av_one_half  el_before_av_one_half  column-top-margin\" style='border-radius:0px; '><p><div  class='avia-image-container  av-styling-no-styling    avia-builder-el-13  el_before_av_heading  avia-builder-el-first  avia-align-center '  itemprop=\"image\" itemscope=\"itemscope\" itemtype=\"https:\/\/schema.org\/ImageObject\"  ><div class='avia-image-container-inner'><div class='avia-image-overlay-wrap'><img decoding=\"async\" class='wp-image-4090 avia-img-lazy-loading-not-4090 avia_image' src=\"https:\/\/erdagmetal.com\/fr\/wp-content\/uploads\/sites\/3\/2020\/10\/bin-aktuvatorler-hizmetler.png\" alt='' title='bin-akt\u00fcvat\u00f6rler-hizmetler' height=\"300\" width=\"600\"  itemprop=\"thumbnailUrl\" srcset=\"https:\/\/erdagmetal.com\/fr\/wp-content\/uploads\/sites\/3\/2020\/10\/bin-aktuvatorler-hizmetler.png 600w, https:\/\/erdagmetal.com\/fr\/wp-content\/uploads\/sites\/3\/2020\/10\/bin-aktuvatorler-hizmetler-300x150.png 300w\" sizes=\"(max-width: 600px) 100vw, 600px\" \/><\/div><\/div><\/div><br \/>\n<div  style='padding-bottom:0px; ' class='av-special-heading av-special-heading-h3  blockquote modern-quote  avia-builder-el-14  el_after_av_image  el_before_av_hr  '><h3 class='av-special-heading-tag '  itemprop=\"headline\"  >Actuators<\/h3><div class='special-heading-border'><div class='special-heading-inner-border' ><\/div><\/div><\/div><br \/>\n<div  style=' margin-top:10px; margin-bottom:10px;'  class='hr hr-custom hr-left hr-icon-no   avia-builder-el-15  el_after_av_heading  el_before_av_textblock '><span class='hr-inner  inner-border-av-border-fat' style=' width:50px; border-color:#efbb20;' ><span class='hr-inner-style'><\/span><\/span><\/div><br \/>\n<section class=\"av_textblock_section \"  itemscope=\"itemscope\" itemtype=\"https:\/\/schema.org\/CreativeWork\" ><div class='avia_textblock  '   itemprop=\"text\" ><p>These vibration assisted machines used in silo discharge systems are generally used for a comfortable discharge. We produce different sizes and stainless steel for each product.<\/p>\n<\/div><\/section><\/p><\/div><div class=\"flex_column av_one_half  av-animated-generic bottom-to-top  flex_column_div av-zero-column-padding   avia-builder-el-17  el_after_av_one_half  el_before_av_one_half  column-top-margin\" style='border-radius:0px; '><p><div  class='avia-image-container  av-styling-no-styling    avia-builder-el-18  el_before_av_heading  avia-builder-el-first  avia-align-center '  itemprop=\"image\" itemscope=\"itemscope\" itemtype=\"https:\/\/schema.org\/ImageObject\"  ><div class='avia-image-container-inner'><div class='avia-image-overlay-wrap'><img decoding=\"async\" class='wp-image-4091 avia-img-lazy-loading-not-4091 avia_image' src=\"https:\/\/erdagmetal.com\/fr\/wp-content\/uploads\/sites\/3\/2020\/10\/konveyor_Bant_Kapama-hizmetler.png\" alt='' title='konvey\u00f6r_Bant_Kapama-hizmetler' height=\"300\" width=\"600\"  itemprop=\"thumbnailUrl\" srcset=\"https:\/\/erdagmetal.com\/fr\/wp-content\/uploads\/sites\/3\/2020\/10\/konveyor_Bant_Kapama-hizmetler.png 600w, https:\/\/erdagmetal.com\/fr\/wp-content\/uploads\/sites\/3\/2020\/10\/konveyor_Bant_Kapama-hizmetler-300x150.png 300w\" sizes=\"(max-width: 600px) 100vw, 600px\" \/><\/div><\/div><\/div><br \/>\n<div  style='padding-bottom:0px; ' class='av-special-heading av-special-heading-h3  blockquote modern-quote  avia-builder-el-19  el_after_av_image  el_before_av_hr  '><h3 class='av-special-heading-tag '  itemprop=\"headline\"  >Conveyor Belt Covers<\/h3><div class='special-heading-border'><div class='special-heading-inner-border' ><\/div><\/div><\/div><br \/>\n<div  style=' margin-top:10px; margin-bottom:10px;'  class='hr hr-custom hr-left hr-icon-no   avia-builder-el-20  el_after_av_heading  el_before_av_textblock '><span class='hr-inner  inner-border-av-border-fat' style=' width:50px; border-color:#efbb20;' ><span class='hr-inner-style'><\/span><\/span><\/div><br \/>\n<section class=\"av_textblock_section \"  itemscope=\"itemscope\" itemtype=\"https:\/\/schema.org\/CreativeWork\" ><div class='avia_textblock  '   itemprop=\"text\" ><p>Conveyor belt covers are produced from stainless, aluminum and iron according to the environment and usage area. We manufacture the covers used for dust prevention, image and work safety in the belts used for product transportation according to each belt size.<\/p>\n<\/div><\/section><\/p><\/div><div class=\"flex_column av_one_half  av-animated-generic bottom-to-top  flex_column_div av-zero-column-padding first  avia-builder-el-22  el_after_av_one_half  el_before_av_one_half  column-top-margin\" style='border-radius:0px; '><p><div  class='avia-image-container  av-styling-no-styling    avia-builder-el-23  el_before_av_heading  avia-builder-el-first  avia-align-center '  itemprop=\"image\" itemscope=\"itemscope\" itemtype=\"https:\/\/schema.org\/ImageObject\"  ><div class='avia-image-container-inner'><div class='avia-image-overlay-wrap'><img decoding=\"async\" class='wp-image-4097 avia-img-lazy-loading-not-4097 avia_image' src=\"https:\/\/erdagmetal.com\/fr\/wp-content\/uploads\/sites\/3\/2020\/10\/demir-dograma-boy-malzeme-kesim.png\" alt='demir do\u011frama ankara, demir do\u011frama kap\u0131 modelleri, demir do\u011frama pencere, demir do\u011frama kap\u0131, demir do\u011framac\u0131, demir do\u011frama fiyatlar\u0131, demir do\u011frama sincan, demir do\u011frama at\u00f6lyesi, demir do\u011frama at\u00f6lyesi malzemeleri, demir do\u011frama aksesuarlar\u0131, demir do\u011frama balkon, demir do\u011frama bah\u00e7e kap\u0131lar\u0131, demir do\u011frama birim fiyat, demir do\u011frama balkon korkulu\u011fu, demir do\u011frama cam, demir do\u011frama cephe kaplama, demir do\u011frama cubuk, demir dograma com, demir dograma cephe, demir do\u011frama cati, demir do\u011frama \u00e7at\u0131, demir do\u011frama \u00e7ardak, demir do\u011frama \u00e7at\u0131 yap\u0131m\u0131, demir do\u011frama \u00e7e\u015fitleri, demir do\u011frama \u00e7izimleri, demir do\u011frama \u00e7orum, demir do\u011frama d\u0131\u015f kap\u0131 modelleri, demir do\u011frama daire testeresi, demir do\u011frama detay\u0131, demir do\u011frama dekorasyon, demir do\u011frama ekipmanlar\u0131, demir do\u011frama ev yap\u0131m\u0131, demir do\u011frama Etimesgut, demir do\u011frama ferforje, demir do\u011frama firmalar\u0131, demir do\u011frama faaliyet kodu, demir do\u011frama fiyat hesaplama, demir do\u011frama ferforje i\u015f ilanlar\u0131, demir do\u011frama fatih, demir do\u011frama ferforje fiyatlar\u0131, f.demir, demir do\u011frama garaj kap\u0131s\u0131 modelleri, demir do\u011frama g\u00f6rselleri, demir do\u011frama g\u00f6nye, demir do\u011frama g\u00fcne\u015f enerjisi, demir do\u011frama i\u015f\u00e7ilik hesaplama, demir do\u011frama maliyet hesaplama, haspolat demir do\u011frama, hakan demir do\u011frama kayseri, hilal demir do\u011frama, halkal\u0131 demir do\u011frama, demir do\u011frama Isparta, demir do\u011frama I\u011fd\u0131r, \u0131\u015f\u0131k demir do\u011frama, \u0131hlamurkuyu demir do\u011frama, demir do\u011frama i\u015fleri ankara, demir do\u011frama i\u015fleri, demir do\u011frama i\u015f\u00e7ilik fiyatlar\u0131, demir do\u011frama isimleri, demir do\u011frama \u0130stanbul, demir do\u011frama program\u0131, demir do\u011frama modelleri, demir do\u011frama kap\u0131 fiyatlar\u0131, demir do\u011frama kap\u0131 \u00e7e\u015fitleri, demir do\u011frama kap\u0131 s\u00fcsleri, demir do\u011frama kamelya, demir do\u011frama korkuluk, demir do\u011frama kartvizit, demir do\u011frama logo, lider demir do\u011frama, l\u00fcleburgaz demir do\u011frama, l demir, l demir modelleri, demir do\u011frama merdiven, demir do\u011frama makinesi, demir do\u011frama malzemeleri, demir do\u011frama makinalar\u0131, demir do\u011frama makineleri, demir do\u011frama nedir, demir do\u011frama nas\u0131l yap\u0131l\u0131r, demir do\u011frama nas\u0131l boyan\u0131r, demir do\u011frama ne demek, demir do\u011frama numaras\u0131, demir do\u011frama ustas\u0131 ne i\u015f yapar, demir do\u011frama ostim, demir do\u011frama kartvizit \u00f6rnekleri demir do\u011frama ana s\u00f6zle\u015fme \u00f6rnekleri demir do\u011frama profilleri, demir do\u011frama pozu, demir do\u011frama profil fiyatlar\u0131, demir do\u011frama pencere modelleri, demir do\u011frama pencere korkuluk fiyatlar\u0131, demir do\u011frama raf, demir do\u011frama risk analizi, rayl\u0131 demir do\u011frama, demir do\u011frama s\u00fcrg\u00fcs\u00fc, demir do\u011frama s\u00fcrg\u00fcl\u00fc kap\u0131, demir do\u011frama sundurma, demir do\u011frama testeresi, demir do\u011frama ta\u015feron arayanlar, demir do\u011frama tak\u0131mlar\u0131, demir do\u011frama teras kapama, demir do\u011frama ustasi, demir do\u011frama \u00fcr\u00fcnleri, demir do\u011frama vitrin, demir do\u011frama ve ferforje ustalar\u0131, demir do\u011frama ve al\u00fcminyum, demir dograma ve, demir do\u011frama demir vitrinler, demir do\u011frama yapan firmalar, demir do\u011frama Yenimahalle, zonguldak demir do\u011frama, demir do\u011frama imalat at\u00f6lyesinin 1 saatli \u00fccreti,' title='demir do\u011frama ankara, demir do\u011frama kap\u0131 modelleri, demir do\u011frama pencere, demir do\u011frama kap\u0131, demir do\u011framac\u0131, demir do\u011frama fiyatlar\u0131, demir do\u011frama sincan, demir do\u011frama at\u00f6lyesi, demir do\u011frama at\u00f6lyesi malzemeleri, demir do\u011frama aksesuarlar\u0131, demir do\u011frama balkon, demir do\u011frama bah\u00e7e kap\u0131lar\u0131, demir do\u011frama birim fiyat, demir do\u011frama balkon korkulu\u011fu, demir do\u011frama cam, demir do\u011frama cephe kaplama, demir do\u011frama cubuk, demir dograma com, demir dograma cephe, demir do\u011frama cati, demir do\u011frama \u00e7at\u0131, demir do\u011frama \u00e7ardak, demir do\u011frama \u00e7at\u0131 yap\u0131m\u0131, demir do\u011frama \u00e7e\u015fitleri, demir do\u011frama \u00e7izimleri, demir do\u011frama \u00e7orum, demir do\u011frama d\u0131\u015f kap\u0131 modelleri, demir do\u011frama daire testeresi, demir do\u011frama detay\u0131, demir do\u011frama dekorasyon, demir do\u011frama ekipmanlar\u0131, demir do\u011frama ev yap\u0131m\u0131, demir do\u011frama Etimesgut, demir do\u011frama ferforje, demir do\u011frama firmalar\u0131, demir do\u011frama faaliyet kodu, demir do\u011frama fiyat hesaplama, demir do\u011frama ferforje i\u015f ilanlar\u0131, demir do\u011frama fatih, demir do\u011frama ferforje fiyatlar\u0131, f.demir, demir do\u011frama garaj kap\u0131s\u0131 modelleri, demir do\u011frama g\u00f6rselleri, demir do\u011frama g\u00f6nye, demir do\u011frama g\u00fcne\u015f enerjisi, demir do\u011frama i\u015f\u00e7ilik hesaplama, demir do\u011frama maliyet hesaplama, haspolat demir do\u011frama, hakan demir do\u011frama kayseri, hilal demir do\u011frama, halkal\u0131 demir do\u011frama, demir do\u011frama Isparta, demir do\u011frama I\u011fd\u0131r, \u0131\u015f\u0131k demir do\u011frama, \u0131hlamurkuyu demir do\u011frama, demir do\u011frama i\u015fleri ankara, demir do\u011frama i\u015fleri, demir do\u011frama i\u015f\u00e7ilik fiyatlar\u0131, demir do\u011frama isimleri, demir do\u011frama \u0130stanbul, demir do\u011frama program\u0131, demir do\u011frama modelleri, demir do\u011frama kap\u0131 fiyatlar\u0131, demir do\u011frama kap\u0131 \u00e7e\u015fitleri, demir do\u011frama kap\u0131 s\u00fcsleri, demir do\u011frama kamelya, demir do\u011frama korkuluk, demir do\u011frama kartvizit, demir do\u011frama logo, lider demir do\u011frama, l\u00fcleburgaz demir do\u011frama, l demir, l demir modelleri, demir do\u011frama merdiven, demir do\u011frama makinesi, demir do\u011frama malzemeleri, demir do\u011frama makinalar\u0131, demir do\u011frama makineleri, demir do\u011frama nedir, demir do\u011frama nas\u0131l yap\u0131l\u0131r, demir do\u011frama nas\u0131l boyan\u0131r, demir do\u011frama ne demek, demir do\u011frama numaras\u0131, demir do\u011frama ustas\u0131 ne i\u015f yapar, demir do\u011frama ostim, demir do\u011frama kartvizit \u00f6rnekleri demir do\u011frama ana s\u00f6zle\u015fme \u00f6rnekleri demir do\u011frama profilleri, demir do\u011frama pozu, demir do\u011frama profil fiyatlar\u0131, demir do\u011frama pencere modelleri, demir do\u011frama pencere korkuluk fiyatlar\u0131, demir do\u011frama raf, demir do\u011frama risk analizi, rayl\u0131 demir do\u011frama, demir do\u011frama s\u00fcrg\u00fcs\u00fc, demir do\u011frama s\u00fcrg\u00fcl\u00fc kap\u0131, demir do\u011frama sundurma, demir do\u011frama testeresi, demir do\u011frama ta\u015feron arayanlar, demir do\u011frama tak\u0131mlar\u0131, demir do\u011frama teras kapama, demir do\u011frama ustasi, demir do\u011frama \u00fcr\u00fcnleri, demir do\u011frama vitrin, demir do\u011frama ve ferforje ustalar\u0131, demir do\u011frama ve al\u00fcminyum, demir dograma ve, demir do\u011frama demir vitrinler, demir do\u011frama yapan firmalar, demir do\u011frama Yenimahalle, zonguldak demir do\u011frama, demir do\u011frama imalat at\u00f6lyesinin 1 saatli \u00fccreti,' height=\"300\" width=\"600\"  itemprop=\"thumbnailUrl\" srcset=\"https:\/\/erdagmetal.com\/fr\/wp-content\/uploads\/sites\/3\/2020\/10\/demir-dograma-boy-malzeme-kesim.png 600w, https:\/\/erdagmetal.com\/fr\/wp-content\/uploads\/sites\/3\/2020\/10\/demir-dograma-boy-malzeme-kesim-300x150.png 300w\" sizes=\"(max-width: 600px) 100vw, 600px\" \/><\/div><\/div><\/div><br \/>\n<div  style='padding-bottom:0px; ' class='av-special-heading av-special-heading-h3  blockquote modern-quote  avia-builder-el-24  el_after_av_image  el_before_av_hr  '><h3 class='av-special-heading-tag '  itemprop=\"headline\"  >Iron Works<\/h3><div class='special-heading-border'><div class='special-heading-inner-border' ><\/div><\/div><\/div><br \/>\n<div  style=' margin-top:10px; margin-bottom:10px;'  class='hr hr-custom hr-left hr-icon-no   avia-builder-el-25  el_after_av_heading  el_before_av_textblock '><span class='hr-inner  inner-border-av-border-fat' style=' width:50px; border-color:#efbb20;' ><span class='hr-inner-style'><\/span><\/span><\/div><br \/>\n<section class=\"av_textblock_section \"  itemscope=\"itemscope\" itemtype=\"https:\/\/schema.org\/CreativeWork\" ><div class='avia_textblock  '   itemprop=\"text\" ><p>Conveyor belt covers are produced from stainless, aluminum and iron according to the environment and usage area. We manufacture the covers used for dust prevention, image and work safety in the belts used for product transportation according to each belt size.<\/p>\n<\/div><\/section><\/p><\/div><div class=\"flex_column av_one_half  av-animated-generic bottom-to-top  flex_column_div av-zero-column-padding   avia-builder-el-27  el_after_av_one_half  el_before_av_hr  column-top-margin\" style='border-radius:0px; '><p><div  class='avia-image-container  av-styling-no-styling    avia-builder-el-28  el_before_av_heading  avia-builder-el-first  avia-align-center '  itemprop=\"image\" itemscope=\"itemscope\" itemtype=\"https:\/\/schema.org\/ImageObject\"  ><div class='avia-image-container-inner'><div class='avia-image-overlay-wrap'><img decoding=\"async\" class='wp-image-4101 avia-img-lazy-loading-not-4101 avia_image' src=\"https:\/\/erdagmetal.com\/fr\/wp-content\/uploads\/sites\/3\/2020\/10\/mobilya-aksamlari-masa-sandalye-1.png\" alt='' title='mobilya-aksamlar\u0131-masa-sandalye-1' height=\"300\" width=\"600\"  itemprop=\"thumbnailUrl\" srcset=\"https:\/\/erdagmetal.com\/fr\/wp-content\/uploads\/sites\/3\/2020\/10\/mobilya-aksamlari-masa-sandalye-1.png 600w, https:\/\/erdagmetal.com\/fr\/wp-content\/uploads\/sites\/3\/2020\/10\/mobilya-aksamlari-masa-sandalye-1-300x150.png 300w\" sizes=\"(max-width: 600px) 100vw, 600px\" \/><\/div><\/div><\/div><br \/>\n<div  style='padding-bottom:0px; ' class='av-special-heading av-special-heading-h3  blockquote modern-quote  avia-builder-el-29  el_after_av_image  el_before_av_hr  '><h3 class='av-special-heading-tag '  itemprop=\"headline\"  >Furniture Metals<\/h3><div class='special-heading-border'><div class='special-heading-inner-border' ><\/div><\/div><\/div><br \/>\n<div  style=' margin-top:10px; margin-bottom:10px;'  class='hr hr-custom hr-left hr-icon-no   avia-builder-el-30  el_after_av_heading  el_before_av_textblock '><span class='hr-inner  inner-border-av-border-fat' style=' width:50px; border-color:#efbb20;' ><span class='hr-inner-style'><\/span><\/span><\/div><br \/>\n<section class=\"av_textblock_section \"  itemscope=\"itemscope\" itemtype=\"https:\/\/schema.org\/CreativeWork\" ><div class='avia_textblock  '   itemprop=\"text\" ><p>We mass-produce metal parts of equipment such as heavy-duty bunk beds, school desks, tables and chairs. We have been exporting the products we manufacture in European and world standards for years.<\/p>\n<\/div><\/section><\/p><\/div><div   class='hr hr-default   avia-builder-el-32  el_after_av_one_half  el_before_av_hr '><span class='hr-inner ' ><span class='hr-inner-style'><\/span><\/span><\/div><\/p>\n<div  style=' margin-top:5px; margin-bottom:35px;'  class='hr hr-custom hr-center hr-icon-no   avia-builder-el-33  el_after_av_hr  avia-builder-el-last '><span class='hr-inner  inner-border-av-border-fat' style=' width:50px; border-color:#efbb20;' ><span class='hr-inner-style'><\/span><\/span><\/div>\n","protected":false},"excerpt":{"rendered":"<p>D\u00fcnden bu g\u00fcne vermi\u015f oldu\u011fumuz hizmetlerimizi genel konu ba\u015fl\u0131klar\u0131n\u0131 ve detaylar\u0131na buradan ula\u015fabilirsiniz.<\/p>\n","protected":false},"author":2,"featured_media":3809,"parent":0,"menu_order":0,"comment_status":"closed","ping_status":"closed","template":"","meta":{"footnotes":""},"class_list":["post-4277","page","type-page","status-publish","has-post-thumbnail","hentry"],"_links":{"self":[{"href":"https:\/\/erdagmetal.com\/fr\/wp-json\/wp\/v2\/pages\/4277","targetHints":{"allow":["GET"]}}],"collection":[{"href":"https:\/\/erdagmetal.com\/fr\/wp-json\/wp\/v2\/pages"}],"about":[{"href":"https:\/\/erdagmetal.com\/fr\/wp-json\/wp\/v2\/types\/page"}],"author":[{"embeddable":true,"href":"https:\/\/erdagmetal.com\/fr\/wp-json\/wp\/v2\/users\/2"}],"replies":[{"embeddable":true,"href":"https:\/\/erdagmetal.com\/fr\/wp-json\/wp\/v2\/comments?post=4277"}],"version-history":[{"count":0,"href":"https:\/\/erdagmetal.com\/fr\/wp-json\/wp\/v2\/pages\/4277\/revisions"}],"wp:featuredmedia":[{"embeddable":true,"href":"https:\/\/erdagmetal.com\/fr\/wp-json\/wp\/v2\/media\/3809"}],"wp:attachment":[{"href":"https:\/\/erdagmetal.com\/fr\/wp-json\/wp\/v2\/media?parent=4277"}],"curies":[{"name":"wp","href":"https:\/\/api.w.org\/{rel}","templated":true}]}}